{"id":334,"date":"2024-12-12T10:46:53","date_gmt":"2024-12-12T10:46:53","guid":{"rendered":"https:\/\/a-o.dk\/?page_id=334"},"modified":"2024-12-12T10:47:00","modified_gmt":"2024-12-12T10:47:00","slug":"about","status":"publish","type":"page","link":"https:\/\/a-o.dk\/?page_id=334","title":{"rendered":"About"},"content":{"rendered":"\n<div class=\"wp-block-uagb-container uagb-block-511c35e8 alignfull uagb-is-root-container\">\n<div class=\"wp-block-uagb-container uagb-block-9237fe67\">\n<div class=\"wp-block-uagb-container uagb-layout-grid uagb-block-31f08500\">\n<div class=\"wp-block-uagb-image alignright uagb-block-58ff8fb7 wp-block-uagb-image--layout-default wp-block-uagb-image--effect-static wp-block-uagb-image--align-right\"><figure class=\"wp-block-uagb-image__figure\"><img decoding=\"async\" srcset=\"https:\/\/a-o.dk\/wp-content\/uploads\/2024\/12\/pexels-photo-7794049.jpeg ,https:\/\/a-o.dk\/wp-content\/uploads\/2024\/12\/pexels-photo-7794049.jpeg 780w, https:\/\/a-o.dk\/wp-content\/uploads\/2024\/12\/pexels-photo-7794049.jpeg 360w\" sizes=\"auto, (max-width: 480px) 150px\" src=\"https:\/\/a-o.dk\/wp-content\/uploads\/2024\/12\/pexels-photo-7794049.jpeg\" alt=\"\" class=\"uag-image-7\" width=\"600\" height=\"314\" title=\"about-header\" loading=\"lazy\" role=\"img\"\/><\/figure><\/div>\n\n\n\n<div class=\"wp-block-uagb-advanced-heading uagb-block-5da0e911\"><h1 class=\"uagb-heading-text\">Om A-O<\/h1><div class=\"uagb-separator\"><\/div><\/div>\n<\/div>\n<\/div>\n<\/div>\n\n\n\n<div class=\"wp-block-uagb-container uagb-block-837c8ecf alignfull uagb-is-root-container\">\n<div class=\"wp-block-uagb-container uagb-block-8a161e6b\">\n<div class=\"wp-block-uagb-container uag-blocks-common-selector uagb-block-e077df85\">\n<div class=\"wp-block-uagb-image alignright uagb-block-0afefe59 wp-block-uagb-image--layout-default wp-block-uagb-image--effect-static wp-block-uagb-image--align-right\"><figure class=\"wp-block-uagb-image__figure\"><img decoding=\"async\" srcset=\"https:\/\/a-o.dk\/wp-content\/uploads\/2024\/12\/pexels-photo-6476594.jpeg ,https:\/\/a-o.dk\/wp-content\/uploads\/2024\/12\/pexels-photo-6476594.jpeg 780w, https:\/\/a-o.dk\/wp-content\/uploads\/2024\/12\/pexels-photo-6476594.jpeg 360w\" sizes=\"auto, (max-width: 480px) 150px\" src=\"https:\/\/a-o.dk\/wp-content\/uploads\/2024\/12\/pexels-photo-6476594.jpeg\" alt=\"\" class=\"uag-image-8\" width=\"912\" height=\"600\" title=\"about-03\" loading=\"lazy\" role=\"img\"\/><\/figure><\/div>\n<\/div>\n\n\n\n<div class=\"wp-block-uagb-container uagb-block-ba89f91c\">\n<div class=\"wp-block-uagb-advanced-heading uagb-block-323d6fc0\"><div class=\"uagb-separator\"><\/div><h2 class=\"uagb-heading-text\">At levere innovative l\u00f8sninger, der styrker iv\u00e6rks\u00e6ttere og optimerer deres forretningsdrift.<\/h2><\/div>\n<\/div>\n<\/div>\n<\/div>\n\n\n\n<div class=\"wp-block-uagb-container uagb-block-651cfab1 alignfull uagb-is-root-container\"><div class=\"uagb-container-inner-blocks-wrap\">\n<div class=\"wp-block-uagb-image aligncenter uagb-block-4ad9e390 wp-block-uagb-image--layout-default wp-block-uagb-image--effect-static wp-block-uagb-image--align-center\"><figure class=\"wp-block-uagb-image__figure\"><img decoding=\"async\" srcset=\"https:\/\/a-o.dk\/wp-content\/uploads\/2024\/12\/pexels-photo-6779335.jpeg ,https:\/\/a-o.dk\/wp-content\/uploads\/2024\/09\/about-002.jpg 780w, https:\/\/a-o.dk\/wp-content\/uploads\/2024\/09\/about-002.jpg 360w\" sizes=\"auto, (max-width: 480px) 150px\" src=\"https:\/\/a-o.dk\/wp-content\/uploads\/2024\/12\/pexels-photo-6779335.jpeg\" alt=\"\" class=\"uag-image-9\" width=\"1200\" height=\"500\" title=\"about-002\" loading=\"lazy\" role=\"img\"\/><\/figure><\/div>\n\n\n\n<div class=\"wp-block-uagb-advanced-heading uagb-block-6a668229\"><div class=\"uagb-separator\"><\/div><h2 class=\"uagb-heading-text\">At v\u00e6re den foretrukne partner for iv\u00e6rks\u00e6ttere.<\/h2><\/div>\n\n\n\n<div class=\"wp-block-uagb-container uagb-block-7d62ada8\">\n<div class=\"wp-block-uagb-advanced-heading uagb-block-6ed4efb5\"><h3 class=\"uagb-heading-text\">F\u00e5 indsigt i A-O&#8217;s rejse og v\u00e6rdier.<\/h3><p class=\"uagb-desc-text\">A-O er en innovativ virksomhed, der hj\u00e6lper sm\u00e5 og mellemstore virksomheder med at optimere deres drift gennem skr\u00e6ddersyede l\u00f8sninger.<br><br>Virksomheden har hjulpet mange kunder med at opn\u00e5 v\u00e6kst og anerkendelse i deres respektive brancher.<\/p><\/div>\n<\/div>\n\n\n\n<div class=\"wp-block-uagb-container uagb-block-c93c7c0e\">\n<div class=\"wp-block-uagb-image alignleft uagb-block-bfd5be5a wp-block-uagb-image--layout-default wp-block-uagb-image--effect-static wp-block-uagb-image--align-left\"><figure class=\"wp-block-uagb-image__figure\"><img decoding=\"async\" srcset=\"https:\/\/a-o.dk\/wp-content\/uploads\/2024\/12\/pexels-photo-4345108.jpeg ,https:\/\/a-o.dk\/wp-content\/uploads\/2024\/12\/pexels-photo-4345108.jpeg 780w, https:\/\/a-o.dk\/wp-content\/uploads\/2024\/12\/pexels-photo-4345108.jpeg 360w\" sizes=\"auto, (max-width: 480px) 150px\" src=\"https:\/\/a-o.dk\/wp-content\/uploads\/2024\/12\/pexels-photo-4345108.jpeg\" alt=\"\" class=\"uag-image-10\" width=\"336\" height=\"404\" title=\"about-04\" loading=\"lazy\" role=\"img\"\/><\/figure><\/div>\n<\/div>\n<\/div><\/div>\n\n\n\n<div class=\"wp-block-uagb-container uagb-block-77396f3a alignfull uagb-is-root-container\">\n<div class=\"wp-block-uagb-container uagb-block-0c551df4\">\n<div class=\"wp-block-uagb-info-box uagb-block-bf210165 uagb-infobox__content-wrap  uagb-infobox-icon-above-title uagb-infobox-image-valign-top\"><div class=\"uagb-ifb-content\"><div class=\"uagb-ifb-separator\"><\/div><div class=\"uagb-ifb-title-wrap\"><h2 class=\"uagb-ifb-title\">Tag det f\u00f8rste skridt mod v\u00e6kst<\/h2><\/div><p class=\"uagb-ifb-desc\">Kontakt os i dag for at finde ud af, hvordan vi kan hj\u00e6lpe.<\/p><div class=\"uagb-ifb-button-wrapper wp-block-button\"><a href=\"\/contact\/\" class=\"uagb-infobox-cta-link wp-block-button__link\" target=\"_self\" rel=\"noopener noreferrer\" onclick=\"return true;\"><span class=\"uagb-inline-editing\">Kom i gang<\/span><\/a><\/div><\/div><\/div>\n<\/div>\n<\/div>\n","protected":false},"excerpt":{"rendered":"<p>Om A-O At levere innovative l\u00f8sninger, der styrker iv\u00e6rks\u00e6ttere og optimerer deres forretningsdrift. At v\u00e6re den foretrukne partner for iv\u00e6rks\u00e6ttere. [&hellip;]<\/p>\n","protected":false},"author":1,"featured_media":0,"parent":0,"menu_order":0,"comment_status":"closed","ping_status":"closed","template":"","meta":{"_uag_custom_page_level_css":"","site-sidebar-layout":"default","site-content-layout":"","ast-site-content-layout":"","site-content-style":"default","site-sidebar-style":"default","ast-global-header-display":"","ast-banner-title-visibility":"","ast-main-header-display":"","ast-hfb-above-header-display":"","ast-hfb-below-header-display":"","ast-hfb-mobile-header-display":"","site-post-title":"disabled","ast-breadcrumbs-content":"","ast-featured-img":"","footer-sml-layout":"","theme-transparent-header-meta":"","adv-header-id-meta":"","stick-header-meta":"","header-above-stick-meta":"","header-main-stick-meta":"","header-below-stick-meta":"","astra-migrate-meta-layouts":"default","ast-page-background-enabled":"default","ast-page-background-meta":{"desktop":{"background-color":"var(--ast-global-color-4)","background-image":"","background-repeat":"repeat","background-position":"center center","background-size":"auto","background-attachment":"scroll","background-type":"","background-media":"","overlay-type":"","overlay-color":"","overlay-opacity":"","overlay-gradient":""},"tablet":{"background-color":"","background-image":"","background-repeat":"repeat","background-position":"center center","background-size":"auto","background-attachment":"scroll","background-type":"","background-media":"","overlay-type":"","overlay-color":"","overlay-opacity":"","overlay-gradient":""},"mobile":{"background-color":"","background-image":"","background-repeat":"repeat","background-position":"center center","background-size":"auto","background-attachment":"scroll","background-type":"","background-media":"","overlay-type":"","overlay-color":"","overlay-opacity":"","overlay-gradient":""}},"ast-content-background-meta":{"desktop":{"background-color":"var(--ast-global-color-5)","background-image":"","background-repeat":"repeat","background-position":"center center","background-size":"auto","background-attachment":"scroll","background-type":"","background-media":"","overlay-type":"","overlay-color":"","overlay-opacity":"","overlay-gradient":""},"tablet":{"background-color":"var(--ast-global-color-5)","background-image":"","background-repeat":"repeat","background-position":"center center","background-size":"auto","background-attachment":"scroll","background-type":"","background-media":"","overlay-type":"","overlay-color":"","overlay-opacity":"","overlay-gradient":""},"mobile":{"background-color":"var(--ast-global-color-5)","background-image":"","background-repeat":"repeat","background-position":"center center","background-size":"auto","background-attachment":"scroll","background-type":"","background-media":"","overlay-type":"","overlay-color":"","overlay-opacity":"","overlay-gradient":""}},"footnotes":""},"class_list":["post-334","page","type-page","status-publish","hentry"],"uagb_featured_image_src":{"full":false,"thumbnail":false,"medium":false,"medium_large":false,"large":false,"1536x1536":false,"2048x2048":false},"uagb_author_info":{"display_name":"admin","author_link":"https:\/\/a-o.dk\/?author=1"},"uagb_comment_info":0,"uagb_excerpt":"Om A-O At levere innovative l\u00f8sninger, der styrker iv\u00e6rks\u00e6ttere og optimerer deres forretningsdrift. At v\u00e6re den foretrukne partner for iv\u00e6rks\u00e6ttere. [&hellip;]","_links":{"self":[{"href":"https:\/\/a-o.dk\/index.php?rest_route=\/wp\/v2\/pages\/334","targetHints":{"allow":["GET"]}}],"collection":[{"href":"https:\/\/a-o.dk\/index.php?rest_route=\/wp\/v2\/pages"}],"about":[{"href":"https:\/\/a-o.dk\/index.php?rest_route=\/wp\/v2\/types\/page"}],"author":[{"embeddable":true,"href":"https:\/\/a-o.dk\/index.php?rest_route=\/wp\/v2\/users\/1"}],"replies":[{"embeddable":true,"href":"https:\/\/a-o.dk\/index.php?rest_route=%2Fwp%2Fv2%2Fcomments&post=334"}],"version-history":[{"count":2,"href":"https:\/\/a-o.dk\/index.php?rest_route=\/wp\/v2\/pages\/334\/revisions"}],"predecessor-version":[{"id":1242,"href":"https:\/\/a-o.dk\/index.php?rest_route=\/wp\/v2\/pages\/334\/revisions\/1242"}],"wp:attachment":[{"href":"https:\/\/a-o.dk\/index.php?rest_route=%2Fwp%2Fv2%2Fmedia&parent=334"}],"curies":[{"name":"wp","href":"https:\/\/api.w.org\/{rel}","templated":true}]}}